{"id":216,"date":"2021-05-22T20:02:07","date_gmt":"2021-05-22T23:02:07","guid":{"rendered":"https:\/\/livredaendometriose.com\/?page_id=216"},"modified":"2021-08-27T11:11:19","modified_gmt":"2021-08-27T14:11:19","slug":"pagina-inicial-2","status":"publish","type":"page","link":"https:\/\/livredaendometriose.com\/","title":{"rendered":"P\u00e1gina Inicial 2"},"content":{"rendered":"\t\t<div data-elementor-type=\"wp-page\" data-elementor-id=\"216\" class=\"elementor elementor-216\">\n\t\t\t\t\t\t<section class=\"elementor-section elementor-top-section elementor-element elementor-element-12fe989 elementor-section-content-middle elementor-section-boxed elementor-section-height-default elementor-section-height-default\" data-id=\"12fe989\" data-element_type=\"section\" data-settings=\"{&quot;background_background&quot;:&quot;classic&quot;}\">\n\t\t\t\t\t\t\t<div class=\"elementor-background-overlay\"><\/div>\n\t\t\t\t\t\t\t<div class=\"elementor-container elementor-column-gap-wide\">\n\t\t\t\t\t<div class=\"elementor-column elementor-col-100 elementor-top-column elementor-element elementor-element-10d63141\" data-id=\"10d63141\" data-element_type=\"column\">\n\t\t\t<div class=\"elementor-widget-wrap elementor-element-populated\">\n\t\t\t\t\t\t<div class=\"elementor-element elementor-element-014063e elementor-widget elementor-widget-image\" data-id=\"014063e\" data-element_type=\"widget\" data-widget_type=\"image.default\">\n\t\t\t\t<div class=\"elementor-widget-container\">\n\t\t\t\t\t\t\t\t\t\t\t\t\t\t<a href=\"http:\/\/www.livredaendometriose.com\">\n\t\t\t\t\t\t\t<img decoding=\"async\" src=\"https:\/\/livredaendometriose.com\/wp-content\/uploads\/elementor\/thumbs\/LOGO-MULHER-CHEIA-DE-VIDA-p7ka1akkkvkbcjux8h2rknvqub63q8mevncalpgesc.png\" title=\"LOGO MULHER CHEIA DE VIDA\" alt=\"LOGO MULHER CHEIA DE VIDA\" loading=\"lazy\" \/>\t\t\t\t\t\t\t\t<\/a>\n\t\t\t\t\t\t\t\t\t\t\t\t\t<\/div>\n\t\t\t\t<\/div>\n\t\t\t\t<div class=\"elementor-element elementor-element-6d4f60d elementor-widget elementor-widget-animated-headline\" data-id=\"6d4f60d\" data-element_type=\"widget\" data-widget_type=\"animated-headline.default\">\n\t\t\t\t<div class=\"elementor-widget-container\">\n\t\t\t \t\t<\/div>\n\t\t\t\t<\/div>\n\t\t\t\t<div class=\"elementor-element elementor-element-a552428 elementor-widget elementor-widget-video\" data-id=\"a552428\" data-element_type=\"widget\" data-settings=\"{&quot;show_image_overlay&quot;:&quot;yes&quot;,&quot;image_overlay&quot;:{&quot;url&quot;:&quot;https:\\\/\\\/livredaendometriose.com\\\/wp-content\\\/uploads\\\/2021\\\/05\\\/001-1.jpg&quot;,&quot;id&quot;:145,&quot;size&quot;:&quot;&quot;},&quot;video_type&quot;:&quot;hosted&quot;}\" data-widget_type=\"video.default\">\n\t\t\t\t<div class=\"elementor-widget-container\">\n\t\t\t\t\t<div class=\"e-hosted-video elementor-wrapper elementor-open-inline\">\n\t\t\t\t\t<video class=\"elementor-video\" src=\"https:\/\/livredaendometriose.com\/wp-content\/uploads\/2021\/05\/01-ABERTURA-LP-ENDOMETRIOSE.mp4\" preload=\"metadata\" controlsList=\"nodownload\"><\/video>\n\t\t\t\t\t\t<div class=\"elementor-custom-embed-image-overlay\" style=\"background-image: url(https:\/\/livredaendometriose.com\/wp-content\/uploads\/2021\/05\/001-1.jpg);\">\n\t\t\t\t\t\t\t\t\t\t\t\t\t\t<\/div>\n\t\t\t\t\t<\/div>\n\t\t\t\t<\/div>\n\t\t\t\t<\/div>\n\t\t\t\t<div class=\"elementor-element elementor-element-cd7258a elementor-widget elementor-widget-button\" data-id=\"cd7258a\" data-element_type=\"widget\" data-widget_type=\"button.default\">\n\t\t\t\t<div class=\"elementor-widget-container\">\n\t\t\t\t\t<div class=\"elementor-button-wrapper\">\n\t\t\t<a class=\"elementor-button elementor-button-link elementor-size-sm\" href=\"https:\/\/livredaendometriose.com\/index.php\/quiz-livre-da-endometriose\/\" target=\"_blank\">\n\t\t\t\t\t\t<span class=\"elementor-button-content-wrapper\">\n\t\t\t\t\t\t<span class=\"elementor-button-icon elementor-align-icon-left\">\n\t\t\t\t<i aria-hidden=\"true\" class=\"far fa-heart\"><\/i>\t\t\t<\/span>\n\t\t\t\t\t\t<span class=\"elementor-button-text\">QUERO SABER SE TENHO ENDOMETRIOSE<\/span>\n\t\t<\/span>\n\t\t\t\t\t<\/a>\n\t\t<\/div>\n\t\t\t\t<\/div>\n\t\t\t\t<\/div>\n\t\t\t\t<div class=\"elementor-element elementor-element-48a20f5c elementor-widget-divider--view-line elementor-invisible elementor-widget elementor-widget-divider\" data-id=\"48a20f5c\" data-element_type=\"widget\" data-settings=\"{&quot;_animation&quot;:&quot;fadeIn&quot;,&quot;_animation_delay&quot;:300}\" data-widget_type=\"divider.default\">\n\t\t\t\t<div class=\"elementor-widget-container\">\n\t\t\t\t\t<div class=\"elementor-divider\">\n\t\t\t<span class=\"elementor-divider-separator\">\n\t\t\t\t\t\t<\/span>\n\t\t<\/div>\n\t\t\t\t<\/div>\n\t\t\t\t<\/div>\n\t\t\t\t<div class=\"elementor-element elementor-element-5dda689 elementor-widget elementor-widget-text-editor\" data-id=\"5dda689\" data-element_type=\"widget\" data-widget_type=\"text-editor.default\">\n\t\t\t\t<div class=\"elementor-widget-container\">\n\t\t\t\t\t\t\t<div align=\"justify\">A\u00a0<strong>endometriose<\/strong>\u00a0\u00e9 uma doen\u00e7a cr\u00f4nica, inflamat\u00f3ria e hormonal que afeta mulheres em idade reprodutiva. Consiste na presen\u00e7a de tecido endometrial fora do \u00fatero. Este tecido habitualmente reveste a cavidade uterina e descama no per\u00edodo menstrual se n\u00e3o houver gesta\u00e7\u00e3o. <br><br>\nDe forma semelhante o tecido fora do \u00fatero vai tamb\u00e9m crescer estimulado pelos horm\u00f4nios do ciclo menstrual e descamar na menstrua\u00e7\u00e3o. Isso gera inflama\u00e7\u00e3o nos locais onde o tecido foi implantando, ocasionando dor e no longo prazo \u00c0 ader\u00eancias das estruturas acometidas.\n\n&nbsp;\n\n<br><br>A apresenta\u00e7\u00e3o da endometriose pode variar desde um atingimento leve at\u00e9 doen\u00e7a mais\u00a0<strong>grave<\/strong>, como\u00a0<strong>endometriose profunda<\/strong>, que atinge tamb\u00e9m \u00f3rg\u00e3os fora do sistema reprodutivo, como o\u00a0<strong>intestino<\/strong>. Tamb\u00e9m pode atingir o \u00fatero, levando o nome de adenomiose ou o ov\u00e1rio, sendo chamada de endometrioma.\n\nFa\u00e7a um teste r\u00e1pido e saiba se voc\u00ea tem endometriose, no final dessa p\u00e1gina tem um bot\u00e3o onde voc\u00ea pode fazer isso.\t\t\t\t\t\t<\/div>\n\t\t\t\t<\/div>\n\t\t\t\t<div class=\"elementor-element elementor-element-61334ed elementor-widget-divider--view-line elementor-invisible elementor-widget elementor-widget-divider\" data-id=\"61334ed\" data-element_type=\"widget\" data-settings=\"{&quot;_animation&quot;:&quot;fadeIn&quot;,&quot;_animation_delay&quot;:300}\" data-widget_type=\"divider.default\">\n\t\t\t\t<div class=\"elementor-widget-container\">\n\t\t\t\t\t<div class=\"elementor-divider\">\n\t\t\t<span class=\"elementor-divider-separator\">\n\t\t\t\t\t\t<\/span>\n\t\t<\/div>\n\t\t\t\t<\/div>\n\t\t\t\t<\/div>\n\t\t\t\t<div class=\"elementor-element elementor-element-553baa9 elementor-widget elementor-widget-text-editor\" data-id=\"553baa9\" data-element_type=\"widget\" data-widget_type=\"text-editor.default\">\n\t\t\t\t<div class=\"elementor-widget-container\">\n\t\t\t\t\t\t\t<div align=\"justify\"><p>O diagn\u00f3stico da endometriose visa principalmente o in\u00edcio precoce do tratamento, que se inicia pela forte suspei\u00e7\u00e3o levantada pelos sinais e sintomas. Hoje n\u00e3o esperamos a presen\u00e7a de altera\u00e7\u00f5es em exames diagn\u00f3sticos para tratar.\u00a0 Mas podemos diagnosticar a endometriose atrav\u00e9s da ultrassonografia transvaginal com preparo intestinal ou resson\u00e2ncia magn\u00e9tica da pelve. Mas o padr\u00e3o ouro para o diagn\u00f3stico \u00e9 a visualiza\u00e7\u00e3o de les\u00f5es caracter\u00edsticas em laparoscopia.<\/p><p>\u00a0<\/p><p>Fa\u00e7a um teste r\u00e1pido e saiba se voc\u00ea tem endometriose, no final dessa p\u00e1gina tem um bot\u00e3o onde voc\u00ea pode fazer isso.<\/p><\/div>\t\t\t\t\t\t<\/div>\n\t\t\t\t<\/div>\n\t\t\t\t<div class=\"elementor-element elementor-element-3773915 elementor-widget-divider--view-line elementor-invisible elementor-widget elementor-widget-divider\" data-id=\"3773915\" data-element_type=\"widget\" data-settings=\"{&quot;_animation&quot;:&quot;fadeIn&quot;,&quot;_animation_delay&quot;:300}\" data-widget_type=\"divider.default\">\n\t\t\t\t<div class=\"elementor-widget-container\">\n\t\t\t\t\t<div class=\"elementor-divider\">\n\t\t\t<span class=\"elementor-divider-separator\">\n\t\t\t\t\t\t<\/span>\n\t\t<\/div>\n\t\t\t\t<\/div>\n\t\t\t\t<\/div>\n\t\t\t\t<div class=\"elementor-element elementor-element-37af236 elementor-widget elementor-widget-text-editor\" data-id=\"37af236\" data-element_type=\"widget\" data-widget_type=\"text-editor.default\">\n\t\t\t\t<div class=\"elementor-widget-container\">\n\t\t\t\t\t\t\t<div align=\"justify\">\n\nOs sinais e\u00a0<strong>sintomas<\/strong>\u00a0da endometriose podem ser muito variados.\n\nA dor p\u00e9lvica \u00e9 o principal sintoma. Ela \u00e9 varia de leve a severa, \u00a0\u00e9 c\u00edclica (coincide com a menstrua\u00e7\u00e3o) e pode estar associada a \u00a0menstrua\u00e7\u00e3o abundante.\n\n<br> <br>Outros\u00a0<strong>sintomas<\/strong>\u00a0podem incluir dor na rela\u00e7\u00e3o sexual, dor lombar e dor ao evacuar.\n\nSe a bexiga ou intestino estiverem envolvidos, poder\u00e1 existir perda de sangue c\u00edclica na urina ou fezes, respetivamente.\n\nPor vezes a primeira manifesta\u00e7\u00e3o de endometriose \u00e9\u00a0<strong>infertilidade<\/strong>. \n\n<strong>\u00a0<\/strong>\n\n<br> <br>Fa\u00e7a um teste r\u00e1pido e saiba se voc\u00ea tem endometriose, no final dessa p\u00e1gina tem um bot\u00e3o onde voc\u00ea pode fazer isso.\n\n<\/div>\t\t\t\t\t\t<\/div>\n\t\t\t\t<\/div>\n\t\t\t\t<div class=\"elementor-element elementor-element-6add139 elementor-widget-divider--view-line elementor-invisible elementor-widget elementor-widget-divider\" data-id=\"6add139\" data-element_type=\"widget\" data-settings=\"{&quot;_animation&quot;:&quot;fadeIn&quot;,&quot;_animation_delay&quot;:300}\" data-widget_type=\"divider.default\">\n\t\t\t\t<div class=\"elementor-widget-container\">\n\t\t\t\t\t<div class=\"elementor-divider\">\n\t\t\t<span class=\"elementor-divider-separator\">\n\t\t\t\t\t\t<\/span>\n\t\t<\/div>\n\t\t\t\t<\/div>\n\t\t\t\t<\/div>\n\t\t\t\t<div class=\"elementor-element elementor-element-77b0424 elementor-widget elementor-widget-text-editor\" data-id=\"77b0424\" data-element_type=\"widget\" data-widget_type=\"text-editor.default\">\n\t\t\t\t<div class=\"elementor-widget-container\">\n\t\t\t\t\t\t\t<div align=\"justify\"><p>O\u00a0<strong>tratamento<\/strong>\u00a0da endometriose engloba o tratamento f\u00edsico e psicol\u00f3gico, bem como de toda a patologia que aparece simultaneamente. Sendo uma doen\u00e7a cr\u00f3nica, o tratamento f\u00edsico consiste, sobretudo, em controlar a dor. N\u00e3o est\u00e1, infelizmente, provado que um medicamento ou rem\u00e9dio previna a progress\u00e3o da doen\u00e7a, ap\u00f3s atender mais de 20 mil mulheres com esse problema, eu desenvolvi o treinamento\u00a0<strong>Mulher Cheia de vida<\/strong>, que vai de modo natural melhorar os sintomas dessa doen\u00e7a e te ajudar a ser uma mulher realizada em todos os sentidos.<\/p><\/div>\t\t\t\t\t\t<\/div>\n\t\t\t\t<\/div>\n\t\t\t\t<div class=\"elementor-element elementor-element-63a8971 elementor-widget elementor-widget-button\" data-id=\"63a8971\" data-element_type=\"widget\" data-widget_type=\"button.default\">\n\t\t\t\t<div class=\"elementor-widget-container\">\n\t\t\t\t\t<div class=\"elementor-button-wrapper\">\n\t\t\t<a class=\"elementor-button elementor-button-link elementor-size-sm\" href=\"https:\/\/livredaendometriose.com\/index.php\/quiz-livre-da-endometriose\/\" target=\"_blank\">\n\t\t\t\t\t\t<span class=\"elementor-button-content-wrapper\">\n\t\t\t\t\t\t<span class=\"elementor-button-icon elementor-align-icon-left\">\n\t\t\t\t<i aria-hidden=\"true\" class=\"far fa-heart\"><\/i>\t\t\t<\/span>\n\t\t\t\t\t\t<span class=\"elementor-button-text\">QUERO SABER SE TENHO ENDOMETRIOSE<\/span>\n\t\t<\/span>\n\t\t\t\t\t<\/a>\n\t\t<\/div>\n\t\t\t\t<\/div>\n\t\t\t\t<\/div>\n\t\t\t\t\t<\/div>\n\t\t<\/div>\n\t\t\t\t\t<\/div>\n\t\t<\/section>\n\t\t\t\t<section class=\"elementor-section elementor-top-section elementor-element elementor-element-31b6acd elementor-section-boxed elementor-section-height-default elementor-section-height-default\" data-id=\"31b6acd\" data-element_type=\"section\">\n\t\t\t\t\t\t<div class=\"elementor-container elementor-column-gap-default\">\n\t\t\t\t\t<div class=\"elementor-column elementor-col-100 elementor-top-column elementor-element elementor-element-d68db25\" data-id=\"d68db25\" data-element_type=\"column\">\n\t\t\t<div class=\"elementor-widget-wrap elementor-element-populated\">\n\t\t\t\t\t\t<div class=\"elementor-element elementor-element-178d4be elementor-widget elementor-widget-text-editor\" data-id=\"178d4be\" data-element_type=\"widget\" data-widget_type=\"text-editor.default\">\n\t\t\t\t<div class=\"elementor-widget-container\">\n\t\t\t\t\t\t\t<p style=\"text-align: center;\">Todos os direitos reservados &#8211; Mulher cheia de Vida 2021. | <strong>Pol\u00edtica de Privacidade<\/strong><\/p>\t\t\t\t\t\t<\/div>\n\t\t\t\t<\/div>\n\t\t\t\t\t<\/div>\n\t\t<\/div>\n\t\t\t\t\t<\/div>\n\t\t<\/section>\n\t\t\t\t<\/div>\n\t\t","protected":false},"excerpt":{"rendered":"<p>Descubra de maneira simples e r\u00e1pida se voc\u00ea tem Endometriose. https:\/\/livredaendometriose.com\/wp-content\/uploads\/2021\/05\/01-ABERTURA-LP-ENDOMETRIOSE.mp4 QUERO SABER SE TENHO ENDOMETRIOSE A&nbsp;endometriose&nbsp;\u00e9 uma doen\u00e7a cr\u00f4nica, inflamat\u00f3ria e hormonal que afeta mulheres em idade reprodutiva. Consiste na presen\u00e7a de tecido endometrial fora do \u00fatero. Este tecido habitualmente reveste a cavidade uterina e descama no per\u00edodo menstrual se n\u00e3o houver gesta\u00e7\u00e3o. De&hellip; <a class=\"more-link\" href=\"https:\/\/livredaendometriose.com\/\">Continue reading <span class=\"screen-reader-text\">P\u00e1gina Inicial 2<\/span><\/a><\/p>\n","protected":false},"author":1,"featured_media":0,"parent":0,"menu_order":0,"comment_status":"closed","ping_status":"closed","template":"elementor_canvas","meta":{"footnotes":""},"class_list":["post-216","page","type-page","status-publish","hentry","entry"],"_links":{"self":[{"href":"https:\/\/livredaendometriose.com\/index.php\/wp-json\/wp\/v2\/pages\/216","targetHints":{"allow":["GET"]}}],"collection":[{"href":"https:\/\/livredaendometriose.com\/index.php\/wp-json\/wp\/v2\/pages"}],"about":[{"href":"https:\/\/livredaendometriose.com\/index.php\/wp-json\/wp\/v2\/types\/page"}],"author":[{"embeddable":true,"href":"https:\/\/livredaendometriose.com\/index.php\/wp-json\/wp\/v2\/users\/1"}],"replies":[{"embeddable":true,"href":"https:\/\/livredaendometriose.com\/index.php\/wp-json\/wp\/v2\/comments?post=216"}],"version-history":[{"count":119,"href":"https:\/\/livredaendometriose.com\/index.php\/wp-json\/wp\/v2\/pages\/216\/revisions"}],"predecessor-version":[{"id":451,"href":"https:\/\/livredaendometriose.com\/index.php\/wp-json\/wp\/v2\/pages\/216\/revisions\/451"}],"wp:attachment":[{"href":"https:\/\/livredaendometriose.com\/index.php\/wp-json\/wp\/v2\/media?parent=216"}],"curies":[{"name":"wp","href":"https:\/\/api.w.org\/{rel}","templated":true}]}}